{"id":13696,"date":"2022-08-17T15:31:59","date_gmt":"2022-08-17T14:31:59","guid":{"rendered":"https:\/\/audatexch1stg.wpenginepowered.com\/politique-en-matiere-de-cookies\/"},"modified":"2023-12-19T19:24:39","modified_gmt":"2023-12-19T18:24:39","slug":"politique-en-matiere-de-cookies","status":"publish","type":"page","link":"https:\/\/www.audatex-schweiz.ch\/fr\/politique-en-matiere-de-cookies\/","title":{"rendered":"Politique en mati\u00e8re de cookies"},"content":{"rendered":"  <section id=\"\" class=\"text-content section-padding-top section-padding-bottom c-background-subtle\">\n    <div class=\"container text-content__container mt-6 js-in-view js-in-view-once anim-opacity-up\">\n            <h1 class=\"type-1 c-gradient-primary\">Politique en mati\u00e8re de cookies<\/h1>\n                    <div class=\"type-body mt-4 js-in-view\">\n          <div class=\"misc-text\">\n<p>Nos sites web utilisent des cookies pour permettre certaines fonctions et pour l&rsquo;analyse des utilisateurs. En utilisant notre site, vous acceptez que nous placions ces cookies sur votre appareil.<\/p>\n<p>La plupart des sites web utilisent des cookies et les navigateurs sont g\u00e9n\u00e9ralement configur\u00e9s pour accepter les cookies au moins pour la dur\u00e9e d&rsquo;une session de navigation unique. Si vous souhaitez modifier vos pr\u00e9f\u00e9rences en mati\u00e8re de cookies, vous pouvez le faire dans les param\u00e8tres de votre navigateur. La fonction &lsquo;Aide&rsquo; de votre navigateur vous indique comment proc\u00e9der.<\/p>\n<p>Nous avons toujours utilis\u00e9 des cookies sur ce site et, dans le cadre d&rsquo;un changement de l\u00e9gislation, tous les sites sont d\u00e9sormais tenus de fournir des informations suppl\u00e9mentaires sur ce que sont les cookies, comment ils sont utilis\u00e9s et quels sont leurs avantages. Ces modifications n&rsquo;affectent pas la mani\u00e8re dont vous utilisez actuellement notre site.<\/p>\n<p>Lorsque nous ins\u00e9rons des liens vers d&rsquo;autres sites, veuillez noter que ces derniers ont leurs propres politiques de confidentialit\u00e9 et de cookies qui r\u00e9gissent l&rsquo;utilisation des informations que vous nous transmettez. Nous vous recommandons de lire leur politique, car nous ne sommes pas responsables de leurs pratiques en mati\u00e8re de protection des donn\u00e9es.<\/p>\n<h3>Que sont les \u00ab\u00a0cookies\u00a0\u00bb ?<\/h3>\n<p>C&rsquo;est tr\u00e8s simple : les cookies aident les sites web \u00e0 distinguer les diff\u00e9rents navigateurs les uns des autres. Les cookies sont de petits morceaux de donn\u00e9es qui sont stock\u00e9s par votre navigateur pour un site web. Chaque fois qu&rsquo;elle charge une page, votre navigateur renvoie \u00e0 cette page les cookies pr\u00e9c\u00e9demment install\u00e9s. Cela permet \u00e0 un site web de relier vos interactions entre elles.<\/p>\n<p>Les cookies ne peuvent pas \u00eatre partag\u00e9s entre sites web, et chaque site ne peut lire et mettre \u00e0 jour que les cookies qu&rsquo;il a lui-m\u00eame plac\u00e9s. Cependant, lorsque vous visitez l&rsquo;un de nos sites, votre navigateur peut se connecter \u00e0 d&rsquo;autres, et chacun d&rsquo;entre eux peut placer ses propres cookies. Vous pouvez en savoir plus sur les cookies plac\u00e9s lors de votre visite sur nos sites.<\/p>\n<p>Un cookie ne peut donner \u00e0 personne l&rsquo;acc\u00e8s \u00e0 votre ordinateur et ne signifie pas que nous collectons de nouvelles informations \u00e0 votre sujet. Si vous souhaitez en savoir plus sur les cookies, vous pouvez consulter allaboutcookies.org.<\/p>\n<p>Certains tiers avec lesquels nous travaillons et auxquels nous renvoyons par le biais de ce site web ont leur propre politique en mati\u00e8re de cookies et peuvent vous demander de d\u00e9finir vos pr\u00e9f\u00e9rences en mati\u00e8re de cookies aupr\u00e8s d&rsquo;eux.<\/p>\n<h3>Quels cookies utilisons-nous ?<\/h3>\n<p>Les types de cookies que nous utilisons sont r\u00e9partis en quatre cat\u00e9gories :<\/p>\n<p>Cookies fonctionnels : ces cookies vous permettent de naviguer sur nos sites et d&rsquo;utiliser toutes les options. Sans eux, le site ne fonctionnerait pas comme pr\u00e9vu.<\/p>\n<p>Cookies d&rsquo;analyse et de performance : ils nous aident \u00e0 am\u00e9liorer le fonctionnement de notre site web afin d&rsquo;obtenir de meilleures performances. Ils nous permettent de savoir comment chaque page est utilis\u00e9e, laquelle est la plus consult\u00e9e et si des erreurs sont signal\u00e9es.<\/p>\n<p>Cookies d&rsquo;adaptation : ces cookies se souviennent des informations de base que vous avez saisies sur le site web, de sorte qu&rsquo;elles soient disponibles pour vous lors de votre prochaine visite sur notre site web. Nous ne stockons pas d&rsquo;informations personnelles dans les cookies.<\/p>\n<p>Cookies de ciblage : ces cookies aident \u00e0 garantir que les annonces que vous voyez dans votre navigateur sont pertinentes et utiles pour vous, car le cookie a identifi\u00e9 ce que vous recherchez.<\/p>\n<p>Lorsque vous visitez nos sites web, les domaines suivants peuvent placer des cookies afin de suivre les performances de nos m\u00e9dias sociaux et de nos publicit\u00e9s payantes.<\/p>\n<p>youtube.com &#8211; YouTube<\/p>\n<p>linkedin.com &#8211; LinkedIn<\/p>\n<p>google.ch &#8211; Google<\/p>\n<p>Nous nous appuyons sur les outils d&rsquo;analyse et de performance des partenaires suivants :<\/p>\n<p>Google Analytics &#8211; <a href=\"https:\/\/developers.google.com\/analytics\/devguides\/collection\/analyticsjs\/cookie-usage\">en savoir plus ici<\/a><\/p>\n<p>Pour plus d&rsquo;informations sur la mani\u00e8re dont nous prot\u00e9geons votre vie priv\u00e9e lorsque vous visitez notre site web, veuillez consulter notre d\u00e9claration de confidentialit\u00e9.<\/p>\n<h3>Cookies cibl\u00e9s<\/h3>\n<p>Dans le cadre de nos activit\u00e9s de marketing, nous travaillons avec des r\u00e9seaux publicitaires qui utilisent des cookies pour s&rsquo;assurer que certaines publicit\u00e9s ne vous sont pas pr\u00e9sent\u00e9es trop souvent et pour collecter des informations sur les types de sites que vous visitez afin qu&rsquo;ils puissent vous pr\u00e9senter des publicit\u00e9s adapt\u00e9es \u00e0 vos int\u00e9r\u00eats sp\u00e9cifiques. Vous pouvez utiliser le site web suivant pour g\u00e9rer vos <a href=\"https:\/\/www.youronlinechoices.com\/uk\/your-ad-choices\">pr\u00e9f\u00e9rences en mati\u00e8re de publicit\u00e9 en ligne<\/a>.<\/p>\n<\/div>\n        <\/div>\n                <\/div>\n  <\/section>\n","protected":false},"excerpt":{"rendered":"","protected":false},"author":16,"featured_media":0,"parent":0,"menu_order":0,"comment_status":"closed","ping_status":"closed","template":"","meta":{"_acf_changed":false,"footnotes":""},"categories":[],"tags":[],"class_list":["post-13696","page","type-page","status-publish","hentry"],"acf":[],"yoast_head":"<!-- This site is optimized with the Yoast SEO plugin v24.6 - https:\/\/yoast.com\/wordpress\/plugins\/seo\/ -->\n<title>Politique en mati\u00e8re de cookies - Audatex (Schweiz) GmbH<\/title>\n<meta name=\"robots\" content=\"noindex, nofollow\" \/>\n<meta property=\"og:locale\" content=\"fr_FR\" \/>\n<meta property=\"og:type\" content=\"article\" \/>\n<meta property=\"og:title\" content=\"Politique en mati\u00e8re de cookies - Audatex (Schweiz) GmbH\" \/>\n<meta property=\"og:url\" content=\"https:\/\/www.audatex-schweiz.ch\/fr\/politique-en-matiere-de-cookies\/\" \/>\n<meta property=\"og:site_name\" content=\"Audatex (Schweiz) GmbH\" \/>\n<meta property=\"article:publisher\" content=\"https:\/\/www.facebook.com\/SoleraInnovation\/\" \/>\n<meta property=\"article:modified_time\" content=\"2023-12-19T18:24:39+00:00\" \/>\n<meta property=\"og:image\" content=\"https:\/\/www.audatex-schweiz.ch\/wp-content\/uploads\/2022\/01\/background-purple-logo.jpeg\" \/>\n\t<meta property=\"og:image:width\" content=\"2148\" \/>\n\t<meta property=\"og:image:height\" content=\"1208\" \/>\n\t<meta property=\"og:image:type\" content=\"image\/jpeg\" \/>\n<meta name=\"twitter:card\" content=\"summary_large_image\" \/>\n<meta name=\"twitter:site\" content=\"@solerainc\" \/>\n<script type=\"application\/ld+json\" class=\"yoast-schema-graph\">{\"@context\":\"https:\/\/schema.org\",\"@graph\":[{\"@type\":\"WebPage\",\"@id\":\"https:\/\/www.audatex-schweiz.ch\/fr\/politique-en-matiere-de-cookies\/\",\"url\":\"https:\/\/www.audatex-schweiz.ch\/fr\/politique-en-matiere-de-cookies\/\",\"name\":\"Politique en mati\u00e8re de cookies - Audatex (Schweiz) GmbH\",\"isPartOf\":{\"@id\":\"https:\/\/www.audatex-schweiz.ch\/fr\/#website\"},\"datePublished\":\"2022-08-17T14:31:59+00:00\",\"dateModified\":\"2023-12-19T18:24:39+00:00\",\"breadcrumb\":{\"@id\":\"https:\/\/www.audatex-schweiz.ch\/fr\/politique-en-matiere-de-cookies\/#breadcrumb\"},\"inLanguage\":\"fr-FR\",\"potentialAction\":[{\"@type\":\"ReadAction\",\"target\":[\"https:\/\/www.audatex-schweiz.ch\/fr\/politique-en-matiere-de-cookies\/\"]}]},{\"@type\":\"BreadcrumbList\",\"@id\":\"https:\/\/www.audatex-schweiz.ch\/fr\/politique-en-matiere-de-cookies\/#breadcrumb\",\"itemListElement\":[{\"@type\":\"ListItem\",\"position\":1,\"name\":\"Home\",\"item\":\"https:\/\/www.audatex-schweiz.ch\/fr\/\"},{\"@type\":\"ListItem\",\"position\":2,\"name\":\"Politique en mati\u00e8re de cookies\"}]},{\"@type\":\"WebSite\",\"@id\":\"https:\/\/www.audatex-schweiz.ch\/fr\/#website\",\"url\":\"https:\/\/www.audatex-schweiz.ch\/fr\/\",\"name\":\"Audatex (Schweiz) GmbH\",\"description\":\"Der globale Marktf\u00fchrer in Software f\u00fcr den gesamten Fahrzeuglebenszyklus.\",\"publisher\":{\"@id\":\"https:\/\/www.audatex-schweiz.ch\/fr\/#organization\"},\"potentialAction\":[{\"@type\":\"SearchAction\",\"target\":{\"@type\":\"EntryPoint\",\"urlTemplate\":\"https:\/\/www.audatex-schweiz.ch\/fr\/?s={search_term_string}\"},\"query-input\":{\"@type\":\"PropertyValueSpecification\",\"valueRequired\":true,\"valueName\":\"search_term_string\"}}],\"inLanguage\":\"fr-FR\"},{\"@type\":\"Organization\",\"@id\":\"https:\/\/www.audatex-schweiz.ch\/fr\/#organization\",\"name\":\"Solera\",\"url\":\"https:\/\/www.audatex-schweiz.ch\/fr\/\",\"logo\":{\"@type\":\"ImageObject\",\"inLanguage\":\"fr-FR\",\"@id\":\"https:\/\/www.audatex-schweiz.ch\/fr\/#\/schema\/logo\/image\/\",\"url\":\"https:\/\/www.audatex-schweiz.ch\/wp-content\/uploads\/2021\/11\/Solera_Logo_CMYK.png\",\"contentUrl\":\"https:\/\/www.audatex-schweiz.ch\/wp-content\/uploads\/2021\/11\/Solera_Logo_CMYK.png\",\"width\":4285,\"height\":608,\"caption\":\"Solera\"},\"image\":{\"@id\":\"https:\/\/www.audatex-schweiz.ch\/fr\/#\/schema\/logo\/image\/\"},\"sameAs\":[\"https:\/\/www.facebook.com\/SoleraInnovation\/\",\"https:\/\/x.com\/solerainc\",\"https:\/\/www.linkedin.com\/company\/solera\",\"https:\/\/www.youtube.com\/c\/SoleraHoldingsInc\",\"https:\/\/en.wikipedia.org\/wiki\/Solera_Holdings\"]}]}<\/script>\n<!-- \/ Yoast SEO plugin. -->","yoast_head_json":{"title":"Politique en mati\u00e8re de cookies - Audatex (Schweiz) GmbH","robots":{"index":"noindex","follow":"nofollow"},"og_locale":"fr_FR","og_type":"article","og_title":"Politique en mati\u00e8re de cookies - Audatex (Schweiz) GmbH","og_url":"https:\/\/www.audatex-schweiz.ch\/fr\/politique-en-matiere-de-cookies\/","og_site_name":"Audatex (Schweiz) GmbH","article_publisher":"https:\/\/www.facebook.com\/SoleraInnovation\/","article_modified_time":"2023-12-19T18:24:39+00:00","og_image":[{"width":2148,"height":1208,"url":"https:\/\/www.audatex-schweiz.ch\/wp-content\/uploads\/2022\/01\/background-purple-logo.jpeg","type":"image\/jpeg"}],"twitter_card":"summary_large_image","twitter_site":"@solerainc","schema":{"@context":"https:\/\/schema.org","@graph":[{"@type":"WebPage","@id":"https:\/\/www.audatex-schweiz.ch\/fr\/politique-en-matiere-de-cookies\/","url":"https:\/\/www.audatex-schweiz.ch\/fr\/politique-en-matiere-de-cookies\/","name":"Politique en mati\u00e8re de cookies - Audatex (Schweiz) GmbH","isPartOf":{"@id":"https:\/\/www.audatex-schweiz.ch\/fr\/#website"},"datePublished":"2022-08-17T14:31:59+00:00","dateModified":"2023-12-19T18:24:39+00:00","breadcrumb":{"@id":"https:\/\/www.audatex-schweiz.ch\/fr\/politique-en-matiere-de-cookies\/#breadcrumb"},"inLanguage":"fr-FR","potentialAction":[{"@type":"ReadAction","target":["https:\/\/www.audatex-schweiz.ch\/fr\/politique-en-matiere-de-cookies\/"]}]},{"@type":"BreadcrumbList","@id":"https:\/\/www.audatex-schweiz.ch\/fr\/politique-en-matiere-de-cookies\/#breadcrumb","itemListElement":[{"@type":"ListItem","position":1,"name":"Home","item":"https:\/\/www.audatex-schweiz.ch\/fr\/"},{"@type":"ListItem","position":2,"name":"Politique en mati\u00e8re de cookies"}]},{"@type":"WebSite","@id":"https:\/\/www.audatex-schweiz.ch\/fr\/#website","url":"https:\/\/www.audatex-schweiz.ch\/fr\/","name":"Audatex (Schweiz) GmbH","description":"Der globale Marktf\u00fchrer in Software f\u00fcr den gesamten Fahrzeuglebenszyklus.","publisher":{"@id":"https:\/\/www.audatex-schweiz.ch\/fr\/#organization"},"potentialAction":[{"@type":"SearchAction","target":{"@type":"EntryPoint","urlTemplate":"https:\/\/www.audatex-schweiz.ch\/fr\/?s={search_term_string}"},"query-input":{"@type":"PropertyValueSpecification","valueRequired":true,"valueName":"search_term_string"}}],"inLanguage":"fr-FR"},{"@type":"Organization","@id":"https:\/\/www.audatex-schweiz.ch\/fr\/#organization","name":"Solera","url":"https:\/\/www.audatex-schweiz.ch\/fr\/","logo":{"@type":"ImageObject","inLanguage":"fr-FR","@id":"https:\/\/www.audatex-schweiz.ch\/fr\/#\/schema\/logo\/image\/","url":"https:\/\/www.audatex-schweiz.ch\/wp-content\/uploads\/2021\/11\/Solera_Logo_CMYK.png","contentUrl":"https:\/\/www.audatex-schweiz.ch\/wp-content\/uploads\/2021\/11\/Solera_Logo_CMYK.png","width":4285,"height":608,"caption":"Solera"},"image":{"@id":"https:\/\/www.audatex-schweiz.ch\/fr\/#\/schema\/logo\/image\/"},"sameAs":["https:\/\/www.facebook.com\/SoleraInnovation\/","https:\/\/x.com\/solerainc","https:\/\/www.linkedin.com\/company\/solera","https:\/\/www.youtube.com\/c\/SoleraHoldingsInc","https:\/\/en.wikipedia.org\/wiki\/Solera_Holdings"]}]}},"_links":{"self":[{"href":"https:\/\/www.audatex-schweiz.ch\/fr\/wp-json\/wp\/v2\/pages\/13696","targetHints":{"allow":["GET"]}}],"collection":[{"href":"https:\/\/www.audatex-schweiz.ch\/fr\/wp-json\/wp\/v2\/pages"}],"about":[{"href":"https:\/\/www.audatex-schweiz.ch\/fr\/wp-json\/wp\/v2\/types\/page"}],"author":[{"embeddable":true,"href":"https:\/\/www.audatex-schweiz.ch\/fr\/wp-json\/wp\/v2\/users\/16"}],"replies":[{"embeddable":true,"href":"https:\/\/www.audatex-schweiz.ch\/fr\/wp-json\/wp\/v2\/comments?post=13696"}],"version-history":[{"count":0,"href":"https:\/\/www.audatex-schweiz.ch\/fr\/wp-json\/wp\/v2\/pages\/13696\/revisions"}],"wp:attachment":[{"href":"https:\/\/www.audatex-schweiz.ch\/fr\/wp-json\/wp\/v2\/media?parent=13696"}],"wp:term":[{"taxonomy":"category","embeddable":true,"href":"https:\/\/www.audatex-schweiz.ch\/fr\/wp-json\/wp\/v2\/categories?post=13696"},{"taxonomy":"post_tag","embeddable":true,"href":"https:\/\/www.audatex-schweiz.ch\/fr\/wp-json\/wp\/v2\/tags?post=13696"}],"curies":[{"name":"wp","href":"https:\/\/api.w.org\/{rel}","templated":true}]}}