{"id":13691,"date":"2023-12-19T18:45:57","date_gmt":"2023-12-19T17:45:57","guid":{"rendered":"https:\/\/audatexch1stg.wpenginepowered.com\/mentions-legales\/"},"modified":"2023-12-19T19:13:14","modified_gmt":"2023-12-19T18:13:14","slug":"mentions-legales","status":"publish","type":"page","link":"https:\/\/www.audatex-schweiz.ch\/fr\/mentions-legales\/","title":{"rendered":"Mentions l\u00e9gales"},"content":{"rendered":"  <section id=\"\" class=\"text-content section-padding-top section-padding-bottom \">\n    <div class=\"container text-content__container mt-6 js-in-view js-in-view-once anim-opacity-up\">\n            <h1 class=\"type-1 c-gradient-primary\">Mentions l\u00e9gales<\/h1>\n                    <div class=\"type-body mt-4 js-in-view\">\n          <div class=\"misc-text\">\n<strong>Adresse de contact<\/strong><br \/>\nAudatex Suisse S\u00e0rl<br \/>\nRue Elias-Canetti 2<br \/>\n8050 Zurich-Oerlikon<br \/>\nSuisse<br \/>\nE-mail : <a href=\"mailto:kontakt@audatex.ch\" rel=\"noopener\" target=\"_blank\">kontakt@audatex.ch<\/a><\/p>\n<p><strong>Inscription au registre du commerce :<\/strong><br \/>\nAudatex Suisse S\u00e0rl<br \/>\nNum\u00e9ro d&rsquo;identification de l&rsquo;entreprise (UID) :<br \/>\nCHE-102.235.709<br \/>\nNum\u00e9ro de TVA<br \/>\nCHE-102.235.709 TVA<\/p>\n<p><strong>Clause de non-responsabilit\u00e9<\/strong><br \/>\nL&rsquo;auteur n&rsquo;assume aucune responsabilit\u00e9 quant \u00e0 la v\u00e9racit\u00e9, l&rsquo;exactitude, l&rsquo;actualit\u00e9, la fiabilit\u00e9 et l&rsquo;exhaustivit\u00e9 du contenu des informations. L&rsquo;auteur ne saurait \u00eatre tenu pour responsable des dommages mat\u00e9riels ou immat\u00e9riels qui pourraient \u00eatre caus\u00e9s par l&rsquo;acc\u00e8s aux informations diffus\u00e9es ou par leur utilisation ou non-utilisation, par le mauvais usage de la connexion ou par des probl\u00e8mes techniques. Toutes les offres sont sans engagement. L&rsquo;auteur se r\u00e9serve express\u00e9ment le droit de modifier, de compl\u00e9ter ou de supprimer des parties de pages ou l&rsquo;ensemble de l&rsquo;offre sans pr\u00e9avis particulier, ou d&rsquo;en suspendre temporairement ou d\u00e9finitivement la publication.<\/p>\n<p><strong>Clause de non-responsabilit\u00e9 pour les liens<\/strong><br \/>\nLes renvois et liens vers des sites web de tiers ne rel\u00e8vent pas de notre responsabilit\u00e9. Nous d\u00e9clinons toute responsabilit\u00e9 pour de tels sites. L&rsquo;acc\u00e8s \u00e0 de tels sites et leur utilisation se font aux risques et p\u00e9rils de l&rsquo;utilisateur concern\u00e9.<\/p>\n<p><strong>Droits d&rsquo;auteur<\/strong><br \/>\nLes droits d&rsquo;auteur et tous les autres droits relatifs aux contenus, images, photos ou autres fichiers pr\u00e9sents sur ce site Internet appartiennent exclusivement \u00e0 la soci\u00e9t\u00e9 Audatex Suisse S\u00e0rl ou aux d\u00e9tenteurs de droits sp\u00e9cialement cit\u00e9s. Pour la reproduction de tout \u00e9l\u00e9ment, l&rsquo;accord \u00e9crit du d\u00e9tenteur des droits d&rsquo;auteur doit \u00eatre obtenu au pr\u00e9alable.<\/p>\n<p>Source : <a href=\"https:\/\/www.swissanwalt.ch\/\" target=\"_blank\" rel=\"noopener\">SwissAnwalt<\/a>\n<\/div>\n        <\/div>\n                <\/div>\n  <\/section>\n","protected":false},"excerpt":{"rendered":"","protected":false},"author":36,"featured_media":0,"parent":0,"menu_order":0,"comment_status":"closed","ping_status":"closed","template":"","meta":{"_acf_changed":false,"footnotes":""},"categories":[],"tags":[],"class_list":["post-13691","page","type-page","status-publish","hentry"],"acf":[],"yoast_head":"<!-- This site is optimized with the Yoast SEO plugin v24.6 - https:\/\/yoast.com\/wordpress\/plugins\/seo\/ -->\n<title>Mentions l\u00e9gales - Audatex (Schweiz) GmbH<\/title>\n<meta name=\"robots\" content=\"noindex, nofollow\" \/>\n<meta property=\"og:locale\" content=\"fr_FR\" \/>\n<meta property=\"og:type\" content=\"article\" \/>\n<meta property=\"og:title\" content=\"Mentions l\u00e9gales - Audatex (Schweiz) GmbH\" \/>\n<meta property=\"og:url\" content=\"https:\/\/www.audatex-schweiz.ch\/fr\/mentions-legales\/\" \/>\n<meta property=\"og:site_name\" content=\"Audatex (Schweiz) GmbH\" \/>\n<meta property=\"article:publisher\" content=\"https:\/\/www.facebook.com\/SoleraInnovation\/\" \/>\n<meta property=\"article:modified_time\" content=\"2023-12-19T18:13:14+00:00\" \/>\n<meta property=\"og:image\" content=\"https:\/\/www.audatex-schweiz.ch\/wp-content\/uploads\/2022\/01\/background-purple-logo.jpeg\" \/>\n\t<meta property=\"og:image:width\" content=\"2148\" \/>\n\t<meta property=\"og:image:height\" content=\"1208\" \/>\n\t<meta property=\"og:image:type\" content=\"image\/jpeg\" \/>\n<meta name=\"twitter:card\" content=\"summary_large_image\" \/>\n<meta name=\"twitter:site\" content=\"@solerainc\" \/>\n<script type=\"application\/ld+json\" class=\"yoast-schema-graph\">{\"@context\":\"https:\/\/schema.org\",\"@graph\":[{\"@type\":\"WebPage\",\"@id\":\"https:\/\/www.audatex-schweiz.ch\/fr\/mentions-legales\/\",\"url\":\"https:\/\/www.audatex-schweiz.ch\/fr\/mentions-legales\/\",\"name\":\"Mentions l\u00e9gales - Audatex (Schweiz) GmbH\",\"isPartOf\":{\"@id\":\"https:\/\/www.audatex-schweiz.ch\/fr\/#website\"},\"datePublished\":\"2023-12-19T17:45:57+00:00\",\"dateModified\":\"2023-12-19T18:13:14+00:00\",\"breadcrumb\":{\"@id\":\"https:\/\/www.audatex-schweiz.ch\/fr\/mentions-legales\/#breadcrumb\"},\"inLanguage\":\"fr-FR\",\"potentialAction\":[{\"@type\":\"ReadAction\",\"target\":[\"https:\/\/www.audatex-schweiz.ch\/fr\/mentions-legales\/\"]}]},{\"@type\":\"BreadcrumbList\",\"@id\":\"https:\/\/www.audatex-schweiz.ch\/fr\/mentions-legales\/#breadcrumb\",\"itemListElement\":[{\"@type\":\"ListItem\",\"position\":1,\"name\":\"Home\",\"item\":\"https:\/\/www.audatex-schweiz.ch\/fr\/\"},{\"@type\":\"ListItem\",\"position\":2,\"name\":\"Mentions l\u00e9gales\"}]},{\"@type\":\"WebSite\",\"@id\":\"https:\/\/www.audatex-schweiz.ch\/fr\/#website\",\"url\":\"https:\/\/www.audatex-schweiz.ch\/fr\/\",\"name\":\"Audatex (Schweiz) GmbH\",\"description\":\"Der globale Marktf\u00fchrer in Software f\u00fcr den gesamten Fahrzeuglebenszyklus.\",\"publisher\":{\"@id\":\"https:\/\/www.audatex-schweiz.ch\/fr\/#organization\"},\"potentialAction\":[{\"@type\":\"SearchAction\",\"target\":{\"@type\":\"EntryPoint\",\"urlTemplate\":\"https:\/\/www.audatex-schweiz.ch\/fr\/?s={search_term_string}\"},\"query-input\":{\"@type\":\"PropertyValueSpecification\",\"valueRequired\":true,\"valueName\":\"search_term_string\"}}],\"inLanguage\":\"fr-FR\"},{\"@type\":\"Organization\",\"@id\":\"https:\/\/www.audatex-schweiz.ch\/fr\/#organization\",\"name\":\"Solera\",\"url\":\"https:\/\/www.audatex-schweiz.ch\/fr\/\",\"logo\":{\"@type\":\"ImageObject\",\"inLanguage\":\"fr-FR\",\"@id\":\"https:\/\/www.audatex-schweiz.ch\/fr\/#\/schema\/logo\/image\/\",\"url\":\"https:\/\/www.audatex-schweiz.ch\/wp-content\/uploads\/2021\/11\/Solera_Logo_CMYK.png\",\"contentUrl\":\"https:\/\/www.audatex-schweiz.ch\/wp-content\/uploads\/2021\/11\/Solera_Logo_CMYK.png\",\"width\":4285,\"height\":608,\"caption\":\"Solera\"},\"image\":{\"@id\":\"https:\/\/www.audatex-schweiz.ch\/fr\/#\/schema\/logo\/image\/\"},\"sameAs\":[\"https:\/\/www.facebook.com\/SoleraInnovation\/\",\"https:\/\/x.com\/solerainc\",\"https:\/\/www.linkedin.com\/company\/solera\",\"https:\/\/www.youtube.com\/c\/SoleraHoldingsInc\",\"https:\/\/en.wikipedia.org\/wiki\/Solera_Holdings\"]}]}<\/script>\n<!-- \/ Yoast SEO plugin. -->","yoast_head_json":{"title":"Mentions l\u00e9gales - Audatex (Schweiz) GmbH","robots":{"index":"noindex","follow":"nofollow"},"og_locale":"fr_FR","og_type":"article","og_title":"Mentions l\u00e9gales - Audatex (Schweiz) GmbH","og_url":"https:\/\/www.audatex-schweiz.ch\/fr\/mentions-legales\/","og_site_name":"Audatex (Schweiz) GmbH","article_publisher":"https:\/\/www.facebook.com\/SoleraInnovation\/","article_modified_time":"2023-12-19T18:13:14+00:00","og_image":[{"width":2148,"height":1208,"url":"https:\/\/www.audatex-schweiz.ch\/wp-content\/uploads\/2022\/01\/background-purple-logo.jpeg","type":"image\/jpeg"}],"twitter_card":"summary_large_image","twitter_site":"@solerainc","schema":{"@context":"https:\/\/schema.org","@graph":[{"@type":"WebPage","@id":"https:\/\/www.audatex-schweiz.ch\/fr\/mentions-legales\/","url":"https:\/\/www.audatex-schweiz.ch\/fr\/mentions-legales\/","name":"Mentions l\u00e9gales - Audatex (Schweiz) GmbH","isPartOf":{"@id":"https:\/\/www.audatex-schweiz.ch\/fr\/#website"},"datePublished":"2023-12-19T17:45:57+00:00","dateModified":"2023-12-19T18:13:14+00:00","breadcrumb":{"@id":"https:\/\/www.audatex-schweiz.ch\/fr\/mentions-legales\/#breadcrumb"},"inLanguage":"fr-FR","potentialAction":[{"@type":"ReadAction","target":["https:\/\/www.audatex-schweiz.ch\/fr\/mentions-legales\/"]}]},{"@type":"BreadcrumbList","@id":"https:\/\/www.audatex-schweiz.ch\/fr\/mentions-legales\/#breadcrumb","itemListElement":[{"@type":"ListItem","position":1,"name":"Home","item":"https:\/\/www.audatex-schweiz.ch\/fr\/"},{"@type":"ListItem","position":2,"name":"Mentions l\u00e9gales"}]},{"@type":"WebSite","@id":"https:\/\/www.audatex-schweiz.ch\/fr\/#website","url":"https:\/\/www.audatex-schweiz.ch\/fr\/","name":"Audatex (Schweiz) GmbH","description":"Der globale Marktf\u00fchrer in Software f\u00fcr den gesamten Fahrzeuglebenszyklus.","publisher":{"@id":"https:\/\/www.audatex-schweiz.ch\/fr\/#organization"},"potentialAction":[{"@type":"SearchAction","target":{"@type":"EntryPoint","urlTemplate":"https:\/\/www.audatex-schweiz.ch\/fr\/?s={search_term_string}"},"query-input":{"@type":"PropertyValueSpecification","valueRequired":true,"valueName":"search_term_string"}}],"inLanguage":"fr-FR"},{"@type":"Organization","@id":"https:\/\/www.audatex-schweiz.ch\/fr\/#organization","name":"Solera","url":"https:\/\/www.audatex-schweiz.ch\/fr\/","logo":{"@type":"ImageObject","inLanguage":"fr-FR","@id":"https:\/\/www.audatex-schweiz.ch\/fr\/#\/schema\/logo\/image\/","url":"https:\/\/www.audatex-schweiz.ch\/wp-content\/uploads\/2021\/11\/Solera_Logo_CMYK.png","contentUrl":"https:\/\/www.audatex-schweiz.ch\/wp-content\/uploads\/2021\/11\/Solera_Logo_CMYK.png","width":4285,"height":608,"caption":"Solera"},"image":{"@id":"https:\/\/www.audatex-schweiz.ch\/fr\/#\/schema\/logo\/image\/"},"sameAs":["https:\/\/www.facebook.com\/SoleraInnovation\/","https:\/\/x.com\/solerainc","https:\/\/www.linkedin.com\/company\/solera","https:\/\/www.youtube.com\/c\/SoleraHoldingsInc","https:\/\/en.wikipedia.org\/wiki\/Solera_Holdings"]}]}},"_links":{"self":[{"href":"https:\/\/www.audatex-schweiz.ch\/fr\/wp-json\/wp\/v2\/pages\/13691","targetHints":{"allow":["GET"]}}],"collection":[{"href":"https:\/\/www.audatex-schweiz.ch\/fr\/wp-json\/wp\/v2\/pages"}],"about":[{"href":"https:\/\/www.audatex-schweiz.ch\/fr\/wp-json\/wp\/v2\/types\/page"}],"author":[{"embeddable":true,"href":"https:\/\/www.audatex-schweiz.ch\/fr\/wp-json\/wp\/v2\/users\/36"}],"replies":[{"embeddable":true,"href":"https:\/\/www.audatex-schweiz.ch\/fr\/wp-json\/wp\/v2\/comments?post=13691"}],"version-history":[{"count":0,"href":"https:\/\/www.audatex-schweiz.ch\/fr\/wp-json\/wp\/v2\/pages\/13691\/revisions"}],"wp:attachment":[{"href":"https:\/\/www.audatex-schweiz.ch\/fr\/wp-json\/wp\/v2\/media?parent=13691"}],"wp:term":[{"taxonomy":"category","embeddable":true,"href":"https:\/\/www.audatex-schweiz.ch\/fr\/wp-json\/wp\/v2\/categories?post=13691"},{"taxonomy":"post_tag","embeddable":true,"href":"https:\/\/www.audatex-schweiz.ch\/fr\/wp-json\/wp\/v2\/tags?post=13691"}],"curies":[{"name":"wp","href":"https:\/\/api.w.org\/{rel}","templated":true}]}}