{"id":13658,"date":"2022-07-13T01:13:11","date_gmt":"2022-07-13T00:13:11","guid":{"rendered":"https:\/\/audatexch1stg.wpenginepowered.com\/tous-les-produits\/service-de-la-propriete\/"},"modified":"2023-12-18T10:57:43","modified_gmt":"2023-12-18T09:57:43","slug":"service-de-la-propriete","status":"publish","type":"page","link":"https:\/\/www.audatex-schweiz.ch\/fr\/tous-les-produits\/service-de-la-propriete\/","title":{"rendered":"Property Service"},"content":{"rendered":"  <section class=\"image-hero c-background-jacarta  section-padding-top js-in-view js-in-view-once anim-opacity\">\n    <div class=\"image-hero__container container\">\n  \n      <div class=\"image-hero__row\">\n                  <h1 class=\"type-1 c-color-white mt-3\">Property Service<\/h1>\n        \t\t                    <\/div>\n              <img decoding=\"async\" class=\"image-hero__image js-in-view js-in-view-once anim-swipe-reveal\" alt=\"\" src=\"https:\/\/www.audatex-schweiz.ch\/wp-content\/uploads\/2023\/10\/Folie16-min-e1697726587139.png\" width=\"1280\" height=\"400\" style=\"position: relative; z-index: 10\" loading=\"lazy\">\n      \t  <\/div>\n\t \n  <\/section>\n     \n\n\t\n\t  <section id=\"\" class=\"text-content section-padding-top section-padding-bottom \">\n    <div class=\"container text-content__container mt-6 js-in-view js-in-view-once anim-opacity-up\">\n            <h1 class=\"type-1 c-gradient-primary\">Un partenaire comp\u00e9tent<\/h1>\n                    <div class=\"type-body mt-4 js-in-view\">\n          <p>En l&rsquo;espace de quelques ann\u00e9es, Audatex (Suisse) S\u00e0rl est devenue le leader du march\u00e9 dans le domaine du contr\u00f4le des devis et des factures en Suisse.<br \/>\n<b><\/b><br \/>\nLa satisfaction de nos clients est notre priorit\u00e9 absolue. Audatex se consid\u00e8re comme un point de contact comp\u00e9tent pour toutes les parties impliqu\u00e9es dans le sinistre et agit en tant qu&rsquo;interlocuteur exclusif pour les compagnies d&rsquo;assurance et les assur\u00e9s pendant toute la dur\u00e9e du r\u00e8glement du sinistre.<br \/>\n<b><\/b><br \/>\nNous disposons d&rsquo;un outil en ligne rapide et qualifi\u00e9 pour l&rsquo;enregistrement des dommages.<br \/>\nLe client re\u00e7oit ainsi imm\u00e9diatement un rapport contenant toutes les informations essentielles, les accords et les recommandations.<\/p>\n        <\/div>\n                <\/div>\n  <\/section>\n  <section class=\"offset-cta js-in-view js-in-view-once section-padding-bottom\">\n  <div class=\"offset-cta__container container \">\n          <div class=\"offset-cta__image\">\n        <img decoding=\"async\" src=\"https:\/\/www.audatex-schweiz.ch\/wp-content\/uploads\/2023\/10\/Folie13-min-e1697726834893.png\" alt=\"\">\n      <\/div>\n        <div class=\"offset-cta__content c-background-subtle\">\n              <h2 class=\"type-2 c-color-jacarta\">Prestations<\/h2>\n                    <p class=\"type-body mt-4\">Le th\u00e8me de la gestion des sinistres a pris de plus en plus d&rsquo;importance au cours des derni\u00e8res ann\u00e9es. L&rsquo;augmentation des d\u00e9penses li\u00e9es aux sinistres, des processus de sinistres plus rapides et plus complexes ainsi que des exigences de qualit\u00e9 \u00e9lev\u00e9es de la part des clients repr\u00e9sentent des d\u00e9fis toujours plus importants pour le traitement des sinistres.\n<br>\n<br>\nLes enqu\u00eates statistiques montrent que : La moiti\u00e9 des cr\u00e9ances adress\u00e9es aux entreprises d&rsquo;assurance ne correspondent pas aux prix habituels du march\u00e9. En cas de contr\u00f4le insuffisant, l&rsquo;assureur paie en moyenne 15% de trop.\n<br>\n<br>\nEn tant que prestataire de services complets et ind\u00e9pendants pour l&rsquo;examen et le r\u00e8glement des sinistres mat\u00e9riels et de responsabilit\u00e9 civile, nous savons que la rapidit\u00e9 est un atout : Un service proche du client associ\u00e9 \u00e0 la rapidit\u00e9 et \u00e0 une grande flexibilit\u00e9 augmentent la rentabilit\u00e9 des co\u00fbts.\n<\/p>\n                <\/div>\n  <\/div>\n<\/section>\n\n  <section class=\"offset-cta js-in-view js-in-view-once section-padding-bottom\">\n  <div class=\"offset-cta__container container --reverse\">\n          <div class=\"offset-cta__image\">\n        <img decoding=\"async\" src=\"https:\/\/www.audatex-schweiz.ch\/wp-content\/uploads\/2023\/10\/Folie19-min-e1697727684365.png\" alt=\"\">\n      <\/div>\n        <div class=\"offset-cta__content c-background-subtle\">\n              <h2 class=\"type-2 c-color-jacarta\">Savoir-faire<\/h2>\n                    <p class=\"type-body mt-4\">Le savoir-faire professionnel de nos collaborateurs assure la qualit\u00e9 de notre travail, nos moyens techniques permettent notre dynamisme, notre flexibilit\u00e9 et notre rapidit\u00e9. Audatex (Suisse) S\u00e0rl offre ainsi \u00e0 sa client\u00e8le et \u00e0 ses collaborateurs un maximum de travail orient\u00e9 sur les co\u00fbts et les processus.<\/p>\n                <\/div>\n  <\/div>\n<\/section>\n\n  <section class=\"offset-cta js-in-view js-in-view-once section-padding-bottom\">\n  <div class=\"offset-cta__container container \">\n          <div class=\"offset-cta__image\">\n        <img decoding=\"async\" src=\"https:\/\/www.audatex-schweiz.ch\/wp-content\/uploads\/2023\/10\/Folie18-min-e1697727841793.png\" alt=\"\">\n      <\/div>\n        <div class=\"offset-cta__content c-background-subtle\">\n              <h2 class=\"type-2 c-color-jacarta\">Contr\u00f4le des documents<\/h2>\n                    <p class=\"type-body mt-4\">En l&rsquo;espace de 48 heures seulement, Audatex v\u00e9rifie toutes les factures et les offres avec pr\u00e9cision et les compare \u00e0 environ 70 000 prix dans sa propre base de donn\u00e9es.\n<br>\n<br>\nRapide, professionnel et \u00e9conomique : telles sont les caract\u00e9ristiques de la proc\u00e9dure unique de contr\u00f4le des offres et des factures. Audatex examine tous les prix \u00e0 la loupe et les compare aux tarifs pratiqu\u00e9s localement. Des n\u00e9gociations ult\u00e9rieures avec les artisans ou des offres comparatives avantageuses permettent de clore le dossier.\n<br>\n<br>\nLes examens sont exclusivement r\u00e9alis\u00e9s par des experts internes qui ont d\u00e9j\u00e0 travaill\u00e9 dans la pratique en tant qu&rsquo;architectes, ing\u00e9nieurs civils, calculateurs, techniciens du b\u00e2timent, peintres, poseurs de sols, plombiers ou menuisiers.\n<\/p>\n                <\/div>\n  <\/div>\n<\/section>\n\n  <section class=\"offset-cta js-in-view js-in-view-once section-padding-top section-padding-bottom\">\n  <div class=\"offset-cta__container container --reverse\">\n          <div class=\"offset-cta__image\">\n        <img decoding=\"async\" src=\"https:\/\/www.audatex-schweiz.ch\/wp-content\/uploads\/2023\/10\/Folie21-min-e1697728224176.png\" alt=\"\">\n      <\/div>\n        <div class=\"offset-cta__content c-background-subtle\">\n              <h2 class=\"type-2 c-color-jacarta\">Service d&rsquo;information &amp; bases de donn\u00e9es<\/h2>\n                    <p class=\"type-body mt-4\">Audatex se d\u00e9veloppe et avec nous, les services : Qu&rsquo;il s&rsquo;agisse d&rsquo;un r\u00e9seau d&rsquo;artisans ou d&rsquo;une base de donn\u00e9es de prix \u00e9chelonn\u00e9e par r\u00e9gion, chez nous, tous les modules sont con\u00e7us pour la croissance.\n<br>\n<br>\nAudatex offre un maximum d&rsquo;orientation client et se d\u00e9marque par une prise de contact rapide et un conseil personnalis\u00e9 aux preneurs d&rsquo;assurance. Le \u00ab\u00a0traitement des sinistres de personne \u00e0 personne\u00a0\u00bb est associ\u00e9 \u00e0 une technologie informatique de pointe et assure un niveau de service et de transparence des co\u00fbts sans pr\u00e9c\u00e9dent.\n<br>\n<br>\nDes statistiques en constante \u00e9volution, un pool de donn\u00e9es apparemment in\u00e9puisable et l&rsquo;exp\u00e9rience de plus de 50&rsquo;000 sinistres examin\u00e9s le prouvent : Audatex est le partenaire id\u00e9al pour la gestion et la r\u00e9paration des dommages caus\u00e9s aux b\u00e2timents par les assurances.\n<\/p>\n                <\/div>\n  <\/div>\n<\/section>\n\n","protected":false},"excerpt":{"rendered":"","protected":false},"author":36,"featured_media":0,"parent":13641,"menu_order":0,"comment_status":"closed","ping_status":"closed","template":"","meta":{"_acf_changed":false,"footnotes":""},"categories":[42],"tags":[],"class_list":["post-13658","page","type-page","status-publish","hentry","category-tous-les-produits"],"acf":[],"yoast_head":"<!-- This site is optimized with the Yoast SEO plugin v24.6 - https:\/\/yoast.com\/wordpress\/plugins\/seo\/ -->\n<title>Solutions pour l&#039;\u00e9valuation des biens immobiliers avec Property Service | Audatex<\/title>\n<meta name=\"description\" content=\"D\u00e9couvrez Property Service, une solution compl\u00e8te pour l&#039;\u00e9valuation des biens immobiliers. Optimisez vos processus, obtenez des \u00e9valuations pr\u00e9cises et maximisez l&#039;efficacit\u00e9 de votre gestion immobili\u00e8re.\" \/>\n<meta name=\"robots\" content=\"index, follow, max-snippet:-1, max-image-preview:large, max-video-preview:-1\" \/>\n<link rel=\"canonical\" href=\"https:\/\/www.audatex-schweiz.ch\/fr\/tous-les-produits\/service-de-la-propriete\/\" \/>\n<meta property=\"og:locale\" content=\"fr_FR\" \/>\n<meta property=\"og:type\" content=\"article\" \/>\n<meta property=\"og:title\" content=\"Solutions pour l&#039;\u00e9valuation des biens immobiliers avec Property Service | Audatex\" \/>\n<meta property=\"og:description\" content=\"D\u00e9couvrez Property Service, une solution compl\u00e8te pour l&#039;\u00e9valuation des biens immobiliers. Optimisez vos processus, obtenez des \u00e9valuations pr\u00e9cises et maximisez l&#039;efficacit\u00e9 de votre gestion immobili\u00e8re.\" \/>\n<meta property=\"og:url\" content=\"https:\/\/www.audatex-schweiz.ch\/fr\/tous-les-produits\/service-de-la-propriete\/\" \/>\n<meta property=\"og:site_name\" content=\"Audatex (Schweiz) GmbH\" \/>\n<meta property=\"article:publisher\" content=\"https:\/\/www.facebook.com\/SoleraInnovation\/\" \/>\n<meta property=\"article:modified_time\" content=\"2023-12-18T09:57:43+00:00\" \/>\n<meta property=\"og:image\" content=\"https:\/\/www.audatex-schweiz.ch\/wp-content\/uploads\/2022\/01\/background-purple-logo.jpeg\" \/>\n\t<meta property=\"og:image:width\" content=\"2148\" \/>\n\t<meta property=\"og:image:height\" content=\"1208\" \/>\n\t<meta property=\"og:image:type\" content=\"image\/jpeg\" \/>\n<meta name=\"twitter:card\" content=\"summary_large_image\" \/>\n<meta name=\"twitter:site\" content=\"@solerainc\" \/>\n<script type=\"application\/ld+json\" class=\"yoast-schema-graph\">{\"@context\":\"https:\/\/schema.org\",\"@graph\":[{\"@type\":\"WebPage\",\"@id\":\"https:\/\/www.audatex-schweiz.ch\/fr\/tous-les-produits\/service-de-la-propriete\/\",\"url\":\"https:\/\/www.audatex-schweiz.ch\/fr\/tous-les-produits\/service-de-la-propriete\/\",\"name\":\"Solutions pour l'\u00e9valuation des biens immobiliers avec Property Service | Audatex\",\"isPartOf\":{\"@id\":\"https:\/\/www.audatex-schweiz.ch\/fr\/#website\"},\"datePublished\":\"2022-07-13T00:13:11+00:00\",\"dateModified\":\"2023-12-18T09:57:43+00:00\",\"description\":\"D\u00e9couvrez Property Service, une solution compl\u00e8te pour l'\u00e9valuation des biens immobiliers. Optimisez vos processus, obtenez des \u00e9valuations pr\u00e9cises et maximisez l'efficacit\u00e9 de votre gestion immobili\u00e8re.\",\"breadcrumb\":{\"@id\":\"https:\/\/www.audatex-schweiz.ch\/fr\/tous-les-produits\/service-de-la-propriete\/#breadcrumb\"},\"inLanguage\":\"fr-FR\",\"potentialAction\":[{\"@type\":\"ReadAction\",\"target\":[\"https:\/\/www.audatex-schweiz.ch\/fr\/tous-les-produits\/service-de-la-propriete\/\"]}]},{\"@type\":\"BreadcrumbList\",\"@id\":\"https:\/\/www.audatex-schweiz.ch\/fr\/tous-les-produits\/service-de-la-propriete\/#breadcrumb\",\"itemListElement\":[{\"@type\":\"ListItem\",\"position\":1,\"name\":\"Home\",\"item\":\"https:\/\/www.audatex-schweiz.ch\/fr\/\"},{\"@type\":\"ListItem\",\"position\":2,\"name\":\"Tous les produits\",\"item\":\"https:\/\/www.audatex-schweiz.ch\/fr\/tous-les-produits\/\"},{\"@type\":\"ListItem\",\"position\":3,\"name\":\"Property Service\"}]},{\"@type\":\"WebSite\",\"@id\":\"https:\/\/www.audatex-schweiz.ch\/fr\/#website\",\"url\":\"https:\/\/www.audatex-schweiz.ch\/fr\/\",\"name\":\"Audatex (Schweiz) GmbH\",\"description\":\"Der globale Marktf\u00fchrer in Software f\u00fcr den gesamten Fahrzeuglebenszyklus.\",\"publisher\":{\"@id\":\"https:\/\/www.audatex-schweiz.ch\/fr\/#organization\"},\"potentialAction\":[{\"@type\":\"SearchAction\",\"target\":{\"@type\":\"EntryPoint\",\"urlTemplate\":\"https:\/\/www.audatex-schweiz.ch\/fr\/?s={search_term_string}\"},\"query-input\":{\"@type\":\"PropertyValueSpecification\",\"valueRequired\":true,\"valueName\":\"search_term_string\"}}],\"inLanguage\":\"fr-FR\"},{\"@type\":\"Organization\",\"@id\":\"https:\/\/www.audatex-schweiz.ch\/fr\/#organization\",\"name\":\"Solera\",\"url\":\"https:\/\/www.audatex-schweiz.ch\/fr\/\",\"logo\":{\"@type\":\"ImageObject\",\"inLanguage\":\"fr-FR\",\"@id\":\"https:\/\/www.audatex-schweiz.ch\/fr\/#\/schema\/logo\/image\/\",\"url\":\"https:\/\/www.audatex-schweiz.ch\/wp-content\/uploads\/2021\/11\/Solera_Logo_CMYK.png\",\"contentUrl\":\"https:\/\/www.audatex-schweiz.ch\/wp-content\/uploads\/2021\/11\/Solera_Logo_CMYK.png\",\"width\":4285,\"height\":608,\"caption\":\"Solera\"},\"image\":{\"@id\":\"https:\/\/www.audatex-schweiz.ch\/fr\/#\/schema\/logo\/image\/\"},\"sameAs\":[\"https:\/\/www.facebook.com\/SoleraInnovation\/\",\"https:\/\/x.com\/solerainc\",\"https:\/\/www.linkedin.com\/company\/solera\",\"https:\/\/www.youtube.com\/c\/SoleraHoldingsInc\",\"https:\/\/en.wikipedia.org\/wiki\/Solera_Holdings\"]}]}<\/script>\n<!-- \/ Yoast SEO plugin. -->","yoast_head_json":{"title":"Solutions pour l'\u00e9valuation des biens immobiliers avec Property Service | Audatex","description":"D\u00e9couvrez Property Service, une solution compl\u00e8te pour l'\u00e9valuation des biens immobiliers. Optimisez vos processus, obtenez des \u00e9valuations pr\u00e9cises et maximisez l'efficacit\u00e9 de votre gestion immobili\u00e8re.","robots":{"index":"index","follow":"follow","max-snippet":"max-snippet:-1","max-image-preview":"max-image-preview:large","max-video-preview":"max-video-preview:-1"},"canonical":"https:\/\/www.audatex-schweiz.ch\/fr\/tous-les-produits\/service-de-la-propriete\/","og_locale":"fr_FR","og_type":"article","og_title":"Solutions pour l'\u00e9valuation des biens immobiliers avec Property Service | Audatex","og_description":"D\u00e9couvrez Property Service, une solution compl\u00e8te pour l'\u00e9valuation des biens immobiliers. Optimisez vos processus, obtenez des \u00e9valuations pr\u00e9cises et maximisez l'efficacit\u00e9 de votre gestion immobili\u00e8re.","og_url":"https:\/\/www.audatex-schweiz.ch\/fr\/tous-les-produits\/service-de-la-propriete\/","og_site_name":"Audatex (Schweiz) GmbH","article_publisher":"https:\/\/www.facebook.com\/SoleraInnovation\/","article_modified_time":"2023-12-18T09:57:43+00:00","og_image":[{"width":2148,"height":1208,"url":"https:\/\/www.audatex-schweiz.ch\/wp-content\/uploads\/2022\/01\/background-purple-logo.jpeg","type":"image\/jpeg"}],"twitter_card":"summary_large_image","twitter_site":"@solerainc","schema":{"@context":"https:\/\/schema.org","@graph":[{"@type":"WebPage","@id":"https:\/\/www.audatex-schweiz.ch\/fr\/tous-les-produits\/service-de-la-propriete\/","url":"https:\/\/www.audatex-schweiz.ch\/fr\/tous-les-produits\/service-de-la-propriete\/","name":"Solutions pour l'\u00e9valuation des biens immobiliers avec Property Service | Audatex","isPartOf":{"@id":"https:\/\/www.audatex-schweiz.ch\/fr\/#website"},"datePublished":"2022-07-13T00:13:11+00:00","dateModified":"2023-12-18T09:57:43+00:00","description":"D\u00e9couvrez Property Service, une solution compl\u00e8te pour l'\u00e9valuation des biens immobiliers. Optimisez vos processus, obtenez des \u00e9valuations pr\u00e9cises et maximisez l'efficacit\u00e9 de votre gestion immobili\u00e8re.","breadcrumb":{"@id":"https:\/\/www.audatex-schweiz.ch\/fr\/tous-les-produits\/service-de-la-propriete\/#breadcrumb"},"inLanguage":"fr-FR","potentialAction":[{"@type":"ReadAction","target":["https:\/\/www.audatex-schweiz.ch\/fr\/tous-les-produits\/service-de-la-propriete\/"]}]},{"@type":"BreadcrumbList","@id":"https:\/\/www.audatex-schweiz.ch\/fr\/tous-les-produits\/service-de-la-propriete\/#breadcrumb","itemListElement":[{"@type":"ListItem","position":1,"name":"Home","item":"https:\/\/www.audatex-schweiz.ch\/fr\/"},{"@type":"ListItem","position":2,"name":"Tous les produits","item":"https:\/\/www.audatex-schweiz.ch\/fr\/tous-les-produits\/"},{"@type":"ListItem","position":3,"name":"Property Service"}]},{"@type":"WebSite","@id":"https:\/\/www.audatex-schweiz.ch\/fr\/#website","url":"https:\/\/www.audatex-schweiz.ch\/fr\/","name":"Audatex (Schweiz) GmbH","description":"Der globale Marktf\u00fchrer in Software f\u00fcr den gesamten Fahrzeuglebenszyklus.","publisher":{"@id":"https:\/\/www.audatex-schweiz.ch\/fr\/#organization"},"potentialAction":[{"@type":"SearchAction","target":{"@type":"EntryPoint","urlTemplate":"https:\/\/www.audatex-schweiz.ch\/fr\/?s={search_term_string}"},"query-input":{"@type":"PropertyValueSpecification","valueRequired":true,"valueName":"search_term_string"}}],"inLanguage":"fr-FR"},{"@type":"Organization","@id":"https:\/\/www.audatex-schweiz.ch\/fr\/#organization","name":"Solera","url":"https:\/\/www.audatex-schweiz.ch\/fr\/","logo":{"@type":"ImageObject","inLanguage":"fr-FR","@id":"https:\/\/www.audatex-schweiz.ch\/fr\/#\/schema\/logo\/image\/","url":"https:\/\/www.audatex-schweiz.ch\/wp-content\/uploads\/2021\/11\/Solera_Logo_CMYK.png","contentUrl":"https:\/\/www.audatex-schweiz.ch\/wp-content\/uploads\/2021\/11\/Solera_Logo_CMYK.png","width":4285,"height":608,"caption":"Solera"},"image":{"@id":"https:\/\/www.audatex-schweiz.ch\/fr\/#\/schema\/logo\/image\/"},"sameAs":["https:\/\/www.facebook.com\/SoleraInnovation\/","https:\/\/x.com\/solerainc","https:\/\/www.linkedin.com\/company\/solera","https:\/\/www.youtube.com\/c\/SoleraHoldingsInc","https:\/\/en.wikipedia.org\/wiki\/Solera_Holdings"]}]}},"_links":{"self":[{"href":"https:\/\/www.audatex-schweiz.ch\/fr\/wp-json\/wp\/v2\/pages\/13658","targetHints":{"allow":["GET"]}}],"collection":[{"href":"https:\/\/www.audatex-schweiz.ch\/fr\/wp-json\/wp\/v2\/pages"}],"about":[{"href":"https:\/\/www.audatex-schweiz.ch\/fr\/wp-json\/wp\/v2\/types\/page"}],"author":[{"embeddable":true,"href":"https:\/\/www.audatex-schweiz.ch\/fr\/wp-json\/wp\/v2\/users\/36"}],"replies":[{"embeddable":true,"href":"https:\/\/www.audatex-schweiz.ch\/fr\/wp-json\/wp\/v2\/comments?post=13658"}],"version-history":[{"count":0,"href":"https:\/\/www.audatex-schweiz.ch\/fr\/wp-json\/wp\/v2\/pages\/13658\/revisions"}],"up":[{"embeddable":true,"href":"https:\/\/www.audatex-schweiz.ch\/fr\/wp-json\/wp\/v2\/pages\/13641"}],"wp:attachment":[{"href":"https:\/\/www.audatex-schweiz.ch\/fr\/wp-json\/wp\/v2\/media?parent=13658"}],"wp:term":[{"taxonomy":"category","embeddable":true,"href":"https:\/\/www.audatex-schweiz.ch\/fr\/wp-json\/wp\/v2\/categories?post=13658"},{"taxonomy":"post_tag","embeddable":true,"href":"https:\/\/www.audatex-schweiz.ch\/fr\/wp-json\/wp\/v2\/tags?post=13658"}],"curies":[{"name":"wp","href":"https:\/\/api.w.org\/{rel}","templated":true}]}}